{"id":1097,"date":"2019-06-27T10:27:06","date_gmt":"2019-06-27T09:27:06","guid":{"rendered":"https:\/\/guitarraspacocastillo.com\/catalog\/"},"modified":"2019-10-18T12:44:54","modified_gmt":"2019-10-18T11:44:54","slug":"catalog","status":"publish","type":"page","link":"https:\/\/guitarraspacocastillo.com\/en\/catalog\/","title":{"rendered":"Catalog"},"content":{"rendered":"","protected":false},"excerpt":{"rendered":"","protected":false},"author":1,"featured_media":0,"parent":0,"menu_order":0,"comment_status":"closed","ping_status":"closed","template":"","meta":[],"acf":[],"yoast_head":"<!-- This site is optimized with the Yoast SEO plugin v18.3 - https:\/\/yoast.com\/wordpress\/plugins\/seo\/ -->\n<title>Catalog - Paco Castillo CONSTRUCTOR DE GUITARRAS<\/title>\n<meta name=\"description\" content=\"Meet our catalog with the best flamenco, classical, bandurrias and la\u00fades guitars. Referents throughout Spain by variety, quality and crafts.\" \/>\n<meta name=\"robots\" content=\"index, follow, max-snippet:-1, max-image-preview:large, max-video-preview:-1\" \/>\n<link rel=\"canonical\" href=\"https:\/\/guitarraspacocastillo.com\/en\/catalog\/\" \/>\n<meta property=\"og:locale\" content=\"en_US\" \/>\n<meta property=\"og:type\" content=\"article\" \/>\n<meta property=\"og:title\" content=\"Catalog - Paco Castillo CONSTRUCTOR DE GUITARRAS\" \/>\n<meta property=\"og:description\" content=\"Meet our catalog with the best flamenco, classical, bandurrias and la\u00fades guitars. Referents throughout Spain by variety, quality and crafts.\" \/>\n<meta property=\"og:url\" content=\"https:\/\/guitarraspacocastillo.com\/en\/catalog\/\" \/>\n<meta property=\"og:site_name\" content=\"Paco Castillo CONSTRUCTOR DE GUITARRAS\" \/>\n<meta property=\"article:publisher\" content=\"https:\/\/www.facebook.com\/guitarraspacocastillo\/\" \/>\n<meta property=\"article:modified_time\" content=\"2019-10-18T11:44:54+00:00\" \/>\n<meta name=\"twitter:card\" content=\"summary_large_image\" \/>\n<meta name=\"twitter:site\" content=\"@guitarraspacocastillo\" \/>\n<script type=\"application\/ld+json\" class=\"yoast-schema-graph\">{\"@context\":\"https:\/\/schema.org\",\"@graph\":[{\"@type\":\"Organization\",\"@id\":\"https:\/\/guitarraspacocastillo.com\/#organization\",\"name\":\"Guitarras PC S.L.\",\"url\":\"https:\/\/guitarraspacocastillo.com\/\",\"sameAs\":[\"https:\/\/www.facebook.com\/guitarraspacocastillo\/\",\"https:\/\/twitter.com\/guitarraspacocastillo\"],\"logo\":{\"@type\":\"ImageObject\",\"@id\":\"https:\/\/guitarraspacocastillo.com\/#logo\",\"inLanguage\":\"en-US\",\"url\":\"https:\/\/guitarraspacocastillo.com\/wp-content\/uploads\/Logotipo-menu-2@2x-1.png\",\"contentUrl\":\"https:\/\/guitarraspacocastillo.com\/wp-content\/uploads\/Logotipo-menu-2@2x-1.png\",\"width\":800,\"height\":240,\"caption\":\"Guitarras PC S.L.\"},\"image\":{\"@id\":\"https:\/\/guitarraspacocastillo.com\/#logo\"}},{\"@type\":\"WebSite\",\"@id\":\"https:\/\/guitarraspacocastillo.com\/#website\",\"url\":\"https:\/\/guitarraspacocastillo.com\/\",\"name\":\"Paco Castillo CONSTRUCTOR DE GUITARRAS\",\"description\":\"Paco Castillo CONSTRUCTOR DE GUITARRAS. Especialistas en la fabricaci\u00f3n de la guitarra espa\u00f1ola, de construcci\u00f3n artesanal.\",\"publisher\":{\"@id\":\"https:\/\/guitarraspacocastillo.com\/#organization\"},\"potentialAction\":[{\"@type\":\"SearchAction\",\"target\":{\"@type\":\"EntryPoint\",\"urlTemplate\":\"https:\/\/guitarraspacocastillo.com\/?s={search_term_string}\"},\"query-input\":\"required name=search_term_string\"}],\"inLanguage\":\"en-US\"},{\"@type\":\"WebPage\",\"@id\":\"https:\/\/guitarraspacocastillo.com\/en\/catalog\/#webpage\",\"url\":\"https:\/\/guitarraspacocastillo.com\/en\/catalog\/\",\"name\":\"Catalog - Paco Castillo CONSTRUCTOR DE GUITARRAS\",\"isPartOf\":{\"@id\":\"https:\/\/guitarraspacocastillo.com\/#website\"},\"datePublished\":\"2019-06-27T09:27:06+00:00\",\"dateModified\":\"2019-10-18T11:44:54+00:00\",\"description\":\"Meet our catalog with the best flamenco, classical, bandurrias and la\u00fades guitars. Referents throughout Spain by variety, quality and crafts.\",\"breadcrumb\":{\"@id\":\"https:\/\/guitarraspacocastillo.com\/en\/catalog\/#breadcrumb\"},\"inLanguage\":\"en-US\",\"potentialAction\":[{\"@type\":\"ReadAction\",\"target\":[\"https:\/\/guitarraspacocastillo.com\/en\/catalog\/\"]}]},{\"@type\":\"BreadcrumbList\",\"@id\":\"https:\/\/guitarraspacocastillo.com\/en\/catalog\/#breadcrumb\",\"itemListElement\":[{\"@type\":\"ListItem\",\"position\":1,\"name\":\"Portada\",\"item\":\"https:\/\/guitarraspacocastillo.com\/en\/\"},{\"@type\":\"ListItem\",\"position\":2,\"name\":\"Catalog\"}]}]}<\/script>\n<!-- \/ Yoast SEO plugin. -->","yoast_head_json":{"title":"Catalog - Paco Castillo CONSTRUCTOR DE GUITARRAS","description":"Meet our catalog with the best flamenco, classical, bandurrias and la\u00fades guitars. Referents throughout Spain by variety, quality and crafts.","robots":{"index":"index","follow":"follow","max-snippet":"max-snippet:-1","max-image-preview":"max-image-preview:large","max-video-preview":"max-video-preview:-1"},"canonical":"https:\/\/guitarraspacocastillo.com\/en\/catalog\/","og_locale":"en_US","og_type":"article","og_title":"Catalog - Paco Castillo CONSTRUCTOR DE GUITARRAS","og_description":"Meet our catalog with the best flamenco, classical, bandurrias and la\u00fades guitars. Referents throughout Spain by variety, quality and crafts.","og_url":"https:\/\/guitarraspacocastillo.com\/en\/catalog\/","og_site_name":"Paco Castillo CONSTRUCTOR DE GUITARRAS","article_publisher":"https:\/\/www.facebook.com\/guitarraspacocastillo\/","article_modified_time":"2019-10-18T11:44:54+00:00","twitter_card":"summary_large_image","twitter_site":"@guitarraspacocastillo","schema":{"@context":"https:\/\/schema.org","@graph":[{"@type":"Organization","@id":"https:\/\/guitarraspacocastillo.com\/#organization","name":"Guitarras PC S.L.","url":"https:\/\/guitarraspacocastillo.com\/","sameAs":["https:\/\/www.facebook.com\/guitarraspacocastillo\/","https:\/\/twitter.com\/guitarraspacocastillo"],"logo":{"@type":"ImageObject","@id":"https:\/\/guitarraspacocastillo.com\/#logo","inLanguage":"en-US","url":"https:\/\/guitarraspacocastillo.com\/wp-content\/uploads\/Logotipo-menu-2@2x-1.png","contentUrl":"https:\/\/guitarraspacocastillo.com\/wp-content\/uploads\/Logotipo-menu-2@2x-1.png","width":800,"height":240,"caption":"Guitarras PC S.L."},"image":{"@id":"https:\/\/guitarraspacocastillo.com\/#logo"}},{"@type":"WebSite","@id":"https:\/\/guitarraspacocastillo.com\/#website","url":"https:\/\/guitarraspacocastillo.com\/","name":"Paco Castillo CONSTRUCTOR DE GUITARRAS","description":"Paco Castillo CONSTRUCTOR DE GUITARRAS. Especialistas en la fabricaci\u00f3n de la guitarra espa\u00f1ola, de construcci\u00f3n artesanal.","publisher":{"@id":"https:\/\/guitarraspacocastillo.com\/#organization"},"potentialAction":[{"@type":"SearchAction","target":{"@type":"EntryPoint","urlTemplate":"https:\/\/guitarraspacocastillo.com\/?s={search_term_string}"},"query-input":"required name=search_term_string"}],"inLanguage":"en-US"},{"@type":"WebPage","@id":"https:\/\/guitarraspacocastillo.com\/en\/catalog\/#webpage","url":"https:\/\/guitarraspacocastillo.com\/en\/catalog\/","name":"Catalog - Paco Castillo CONSTRUCTOR DE GUITARRAS","isPartOf":{"@id":"https:\/\/guitarraspacocastillo.com\/#website"},"datePublished":"2019-06-27T09:27:06+00:00","dateModified":"2019-10-18T11:44:54+00:00","description":"Meet our catalog with the best flamenco, classical, bandurrias and la\u00fades guitars. Referents throughout Spain by variety, quality and crafts.","breadcrumb":{"@id":"https:\/\/guitarraspacocastillo.com\/en\/catalog\/#breadcrumb"},"inLanguage":"en-US","potentialAction":[{"@type":"ReadAction","target":["https:\/\/guitarraspacocastillo.com\/en\/catalog\/"]}]},{"@type":"BreadcrumbList","@id":"https:\/\/guitarraspacocastillo.com\/en\/catalog\/#breadcrumb","itemListElement":[{"@type":"ListItem","position":1,"name":"Portada","item":"https:\/\/guitarraspacocastillo.com\/en\/"},{"@type":"ListItem","position":2,"name":"Catalog"}]}]}},"_links":{"self":[{"href":"https:\/\/guitarraspacocastillo.com\/en\/wp-json\/wp\/v2\/pages\/1097"}],"collection":[{"href":"https:\/\/guitarraspacocastillo.com\/en\/wp-json\/wp\/v2\/pages"}],"about":[{"href":"https:\/\/guitarraspacocastillo.com\/en\/wp-json\/wp\/v2\/types\/page"}],"author":[{"embeddable":true,"href":"https:\/\/guitarraspacocastillo.com\/en\/wp-json\/wp\/v2\/users\/1"}],"replies":[{"embeddable":true,"href":"https:\/\/guitarraspacocastillo.com\/en\/wp-json\/wp\/v2\/comments?post=1097"}],"version-history":[{"count":1,"href":"https:\/\/guitarraspacocastillo.com\/en\/wp-json\/wp\/v2\/pages\/1097\/revisions"}],"predecessor-version":[{"id":1098,"href":"https:\/\/guitarraspacocastillo.com\/en\/wp-json\/wp\/v2\/pages\/1097\/revisions\/1098"}],"wp:attachment":[{"href":"https:\/\/guitarraspacocastillo.com\/en\/wp-json\/wp\/v2\/media?parent=1097"}],"curies":[{"name":"wp","href":"https:\/\/api.w.org\/{rel}","templated":true}]}}