{"id":1643,"date":"2019-05-28T18:20:48","date_gmt":"2019-07-12T15:02:34","guid":{"rendered":"https:\/\/guitarraspacocastillo.com\/producto\/guitar-213f\/"},"modified":"2019-09-06T17:11:36","modified_gmt":"2019-09-06T16:11:36","slug":"guitar-213f","status":"publish","type":"product","link":"https:\/\/guitarraspacocastillo.com\/en\/producto\/guitar-213f\/","title":{"rendered":"Guitar 213F"},"content":{"rendered":"<p><img loading=\"lazy\" class=\"alignnone wp-image-573\" src=\"https:\/\/guitarraspacocastillo.com\/wp-content\/uploads\/medidas-213f-211F.png\" alt=\"\" width=\"550\" height=\"550\" srcset=\"https:\/\/guitarraspacocastillo.com\/wp-content\/uploads\/medidas-213f-211F.png 1251w, https:\/\/guitarraspacocastillo.com\/wp-content\/uploads\/medidas-213f-211F-150x150.png 150w, https:\/\/guitarraspacocastillo.com\/wp-content\/uploads\/medidas-213f-211F-300x300.png 300w, https:\/\/guitarraspacocastillo.com\/wp-content\/uploads\/medidas-213f-211F-768x768.png 768w, https:\/\/guitarraspacocastillo.com\/wp-content\/uploads\/medidas-213f-211F-1024x1024.png 1024w, https:\/\/guitarraspacocastillo.com\/wp-content\/uploads\/medidas-213f-211F-370x370.png 370w, https:\/\/guitarraspacocastillo.com\/wp-content\/uploads\/medidas-213f-211F-610x610.png 610w, https:\/\/guitarraspacocastillo.com\/wp-content\/uploads\/medidas-213f-211F-100x100.png 100w\" sizes=\"(max-width: 550px) 100vw, 550px\" \/><\/p>\n","protected":false},"excerpt":{"rendered":"","protected":false},"featured_media":1406,"comment_status":"open","ping_status":"closed","template":"","meta":[],"product_cat":[50],"product_tag":[],"acf":[],"yoast_head":"<!-- This site is optimized with the Yoast SEO plugin v18.3 - https:\/\/yoast.com\/wordpress\/plugins\/seo\/ -->\n<title>Guitar 213F - Paco Castillo CONSTRUCTOR DE GUITARRAS<\/title>\n<meta name=\"description\" content=\"Especialistas en la fabricaci\u00f3n de la guitarra espa\u00f1ola, de construcci\u00f3n artesanal. Instrumentos con un est\u00e1ndar de calidad superior a un precio razonable.\" \/>\n<meta name=\"robots\" content=\"index, follow, max-snippet:-1, max-image-preview:large, max-video-preview:-1\" \/>\n<link rel=\"canonical\" href=\"https:\/\/guitarraspacocastillo.com\/en\/producto\/guitar-213f\/\" \/>\n<meta property=\"og:locale\" content=\"en_US\" \/>\n<meta property=\"og:type\" content=\"article\" \/>\n<meta property=\"og:title\" content=\"Guitar 213F - Paco Castillo CONSTRUCTOR DE GUITARRAS\" \/>\n<meta property=\"og:description\" content=\"Especialistas en la fabricaci\u00f3n de la guitarra espa\u00f1ola, de construcci\u00f3n artesanal. Instrumentos con un est\u00e1ndar de calidad superior a un precio razonable.\" \/>\n<meta property=\"og:url\" content=\"https:\/\/guitarraspacocastillo.com\/en\/producto\/guitar-213f\/\" \/>\n<meta property=\"og:site_name\" content=\"Paco Castillo CONSTRUCTOR DE GUITARRAS\" \/>\n<meta property=\"article:publisher\" content=\"https:\/\/www.facebook.com\/guitarraspacocastillo\/\" \/>\n<meta property=\"article:modified_time\" content=\"2019-09-06T16:11:36+00:00\" \/>\n<meta property=\"og:image\" content=\"https:\/\/guitarraspacocastillo.com\/wp-content\/uploads\/Productos-catalogo-G_0001s_0001_213F.png\" \/>\n\t<meta property=\"og:image:width\" content=\"748\" \/>\n\t<meta property=\"og:image:height\" content=\"1500\" \/>\n\t<meta property=\"og:image:type\" content=\"image\/png\" \/>\n<meta name=\"twitter:card\" content=\"summary_large_image\" \/>\n<meta name=\"twitter:site\" content=\"@guitarraspacocastillo\" \/>\n<script type=\"application\/ld+json\" class=\"yoast-schema-graph\">{\"@context\":\"https:\/\/schema.org\",\"@graph\":[{\"@type\":\"Organization\",\"@id\":\"https:\/\/guitarraspacocastillo.com\/#organization\",\"name\":\"Guitarras PC S.L.\",\"url\":\"https:\/\/guitarraspacocastillo.com\/\",\"sameAs\":[\"https:\/\/www.facebook.com\/guitarraspacocastillo\/\",\"https:\/\/twitter.com\/guitarraspacocastillo\"],\"logo\":{\"@type\":\"ImageObject\",\"@id\":\"https:\/\/guitarraspacocastillo.com\/#logo\",\"inLanguage\":\"en-US\",\"url\":\"https:\/\/guitarraspacocastillo.com\/wp-content\/uploads\/Logotipo-menu-2@2x-1.png\",\"contentUrl\":\"https:\/\/guitarraspacocastillo.com\/wp-content\/uploads\/Logotipo-menu-2@2x-1.png\",\"width\":800,\"height\":240,\"caption\":\"Guitarras PC S.L.\"},\"image\":{\"@id\":\"https:\/\/guitarraspacocastillo.com\/#logo\"}},{\"@type\":\"WebSite\",\"@id\":\"https:\/\/guitarraspacocastillo.com\/#website\",\"url\":\"https:\/\/guitarraspacocastillo.com\/\",\"name\":\"Paco Castillo CONSTRUCTOR DE GUITARRAS\",\"description\":\"Paco Castillo CONSTRUCTOR DE GUITARRAS. Especialistas en la fabricaci\u00f3n de la guitarra espa\u00f1ola, de construcci\u00f3n artesanal.\",\"publisher\":{\"@id\":\"https:\/\/guitarraspacocastillo.com\/#organization\"},\"potentialAction\":[{\"@type\":\"SearchAction\",\"target\":{\"@type\":\"EntryPoint\",\"urlTemplate\":\"https:\/\/guitarraspacocastillo.com\/?s={search_term_string}\"},\"query-input\":\"required name=search_term_string\"}],\"inLanguage\":\"en-US\"},{\"@type\":\"ImageObject\",\"@id\":\"https:\/\/guitarraspacocastillo.com\/en\/producto\/guitar-213f\/#primaryimage\",\"inLanguage\":\"en-US\",\"url\":\"https:\/\/guitarraspacocastillo.com\/wp-content\/uploads\/Productos-catalogo-G_0001s_0001_213F.png\",\"contentUrl\":\"https:\/\/guitarraspacocastillo.com\/wp-content\/uploads\/Productos-catalogo-G_0001s_0001_213F.png\",\"width\":748,\"height\":1500,\"caption\":\"Flamenco guitar 213 F\"},{\"@type\":\"WebPage\",\"@id\":\"https:\/\/guitarraspacocastillo.com\/en\/producto\/guitar-213f\/#webpage\",\"url\":\"https:\/\/guitarraspacocastillo.com\/en\/producto\/guitar-213f\/\",\"name\":\"Guitar 213F - Paco Castillo CONSTRUCTOR DE GUITARRAS\",\"isPartOf\":{\"@id\":\"https:\/\/guitarraspacocastillo.com\/#website\"},\"primaryImageOfPage\":{\"@id\":\"https:\/\/guitarraspacocastillo.com\/en\/producto\/guitar-213f\/#primaryimage\"},\"datePublished\":\"2019-07-12T15:02:34+00:00\",\"dateModified\":\"2019-09-06T16:11:36+00:00\",\"description\":\"Especialistas en la fabricaci\u00f3n de la guitarra espa\u00f1ola, de construcci\u00f3n artesanal. Instrumentos con un est\u00e1ndar de calidad superior a un precio razonable.\",\"breadcrumb\":{\"@id\":\"https:\/\/guitarraspacocastillo.com\/en\/producto\/guitar-213f\/#breadcrumb\"},\"inLanguage\":\"en-US\",\"potentialAction\":[{\"@type\":\"ReadAction\",\"target\":[\"https:\/\/guitarraspacocastillo.com\/en\/producto\/guitar-213f\/\"]}]},{\"@type\":\"BreadcrumbList\",\"@id\":\"https:\/\/guitarraspacocastillo.com\/en\/producto\/guitar-213f\/#breadcrumb\",\"itemListElement\":[{\"@type\":\"ListItem\",\"position\":1,\"name\":\"Portada\",\"item\":\"https:\/\/guitarraspacocastillo.com\/en\/\"},{\"@type\":\"ListItem\",\"position\":2,\"name\":\"Cat\u00e1logo\",\"item\":\"https:\/\/guitarraspacocastillo.com\/catalogo\/\"},{\"@type\":\"ListItem\",\"position\":3,\"name\":\"Guitar 213F\"}]}]}<\/script>\n<!-- \/ Yoast SEO plugin. -->","yoast_head_json":{"title":"Guitar 213F - Paco Castillo CONSTRUCTOR DE GUITARRAS","description":"Especialistas en la fabricaci\u00f3n de la guitarra espa\u00f1ola, de construcci\u00f3n artesanal. Instrumentos con un est\u00e1ndar de calidad superior a un precio razonable.","robots":{"index":"index","follow":"follow","max-snippet":"max-snippet:-1","max-image-preview":"max-image-preview:large","max-video-preview":"max-video-preview:-1"},"canonical":"https:\/\/guitarraspacocastillo.com\/en\/producto\/guitar-213f\/","og_locale":"en_US","og_type":"article","og_title":"Guitar 213F - Paco Castillo CONSTRUCTOR DE GUITARRAS","og_description":"Especialistas en la fabricaci\u00f3n de la guitarra espa\u00f1ola, de construcci\u00f3n artesanal. Instrumentos con un est\u00e1ndar de calidad superior a un precio razonable.","og_url":"https:\/\/guitarraspacocastillo.com\/en\/producto\/guitar-213f\/","og_site_name":"Paco Castillo CONSTRUCTOR DE GUITARRAS","article_publisher":"https:\/\/www.facebook.com\/guitarraspacocastillo\/","article_modified_time":"2019-09-06T16:11:36+00:00","og_image":[{"width":748,"height":1500,"url":"https:\/\/guitarraspacocastillo.com\/wp-content\/uploads\/Productos-catalogo-G_0001s_0001_213F.png","type":"image\/png"}],"twitter_card":"summary_large_image","twitter_site":"@guitarraspacocastillo","schema":{"@context":"https:\/\/schema.org","@graph":[{"@type":"Organization","@id":"https:\/\/guitarraspacocastillo.com\/#organization","name":"Guitarras PC S.L.","url":"https:\/\/guitarraspacocastillo.com\/","sameAs":["https:\/\/www.facebook.com\/guitarraspacocastillo\/","https:\/\/twitter.com\/guitarraspacocastillo"],"logo":{"@type":"ImageObject","@id":"https:\/\/guitarraspacocastillo.com\/#logo","inLanguage":"en-US","url":"https:\/\/guitarraspacocastillo.com\/wp-content\/uploads\/Logotipo-menu-2@2x-1.png","contentUrl":"https:\/\/guitarraspacocastillo.com\/wp-content\/uploads\/Logotipo-menu-2@2x-1.png","width":800,"height":240,"caption":"Guitarras PC S.L."},"image":{"@id":"https:\/\/guitarraspacocastillo.com\/#logo"}},{"@type":"WebSite","@id":"https:\/\/guitarraspacocastillo.com\/#website","url":"https:\/\/guitarraspacocastillo.com\/","name":"Paco Castillo CONSTRUCTOR DE GUITARRAS","description":"Paco Castillo CONSTRUCTOR DE GUITARRAS. Especialistas en la fabricaci\u00f3n de la guitarra espa\u00f1ola, de construcci\u00f3n artesanal.","publisher":{"@id":"https:\/\/guitarraspacocastillo.com\/#organization"},"potentialAction":[{"@type":"SearchAction","target":{"@type":"EntryPoint","urlTemplate":"https:\/\/guitarraspacocastillo.com\/?s={search_term_string}"},"query-input":"required name=search_term_string"}],"inLanguage":"en-US"},{"@type":"ImageObject","@id":"https:\/\/guitarraspacocastillo.com\/en\/producto\/guitar-213f\/#primaryimage","inLanguage":"en-US","url":"https:\/\/guitarraspacocastillo.com\/wp-content\/uploads\/Productos-catalogo-G_0001s_0001_213F.png","contentUrl":"https:\/\/guitarraspacocastillo.com\/wp-content\/uploads\/Productos-catalogo-G_0001s_0001_213F.png","width":748,"height":1500,"caption":"Flamenco guitar 213 F"},{"@type":"WebPage","@id":"https:\/\/guitarraspacocastillo.com\/en\/producto\/guitar-213f\/#webpage","url":"https:\/\/guitarraspacocastillo.com\/en\/producto\/guitar-213f\/","name":"Guitar 213F - Paco Castillo CONSTRUCTOR DE GUITARRAS","isPartOf":{"@id":"https:\/\/guitarraspacocastillo.com\/#website"},"primaryImageOfPage":{"@id":"https:\/\/guitarraspacocastillo.com\/en\/producto\/guitar-213f\/#primaryimage"},"datePublished":"2019-07-12T15:02:34+00:00","dateModified":"2019-09-06T16:11:36+00:00","description":"Especialistas en la fabricaci\u00f3n de la guitarra espa\u00f1ola, de construcci\u00f3n artesanal. Instrumentos con un est\u00e1ndar de calidad superior a un precio razonable.","breadcrumb":{"@id":"https:\/\/guitarraspacocastillo.com\/en\/producto\/guitar-213f\/#breadcrumb"},"inLanguage":"en-US","potentialAction":[{"@type":"ReadAction","target":["https:\/\/guitarraspacocastillo.com\/en\/producto\/guitar-213f\/"]}]},{"@type":"BreadcrumbList","@id":"https:\/\/guitarraspacocastillo.com\/en\/producto\/guitar-213f\/#breadcrumb","itemListElement":[{"@type":"ListItem","position":1,"name":"Portada","item":"https:\/\/guitarraspacocastillo.com\/en\/"},{"@type":"ListItem","position":2,"name":"Cat\u00e1logo","item":"https:\/\/guitarraspacocastillo.com\/catalogo\/"},{"@type":"ListItem","position":3,"name":"Guitar 213F"}]}]}},"_links":{"self":[{"href":"https:\/\/guitarraspacocastillo.com\/en\/wp-json\/wp\/v2\/product\/1643"}],"collection":[{"href":"https:\/\/guitarraspacocastillo.com\/en\/wp-json\/wp\/v2\/product"}],"about":[{"href":"https:\/\/guitarraspacocastillo.com\/en\/wp-json\/wp\/v2\/types\/product"}],"replies":[{"embeddable":true,"href":"https:\/\/guitarraspacocastillo.com\/en\/wp-json\/wp\/v2\/comments?post=1643"}],"wp:featuredmedia":[{"embeddable":true,"href":"https:\/\/guitarraspacocastillo.com\/en\/wp-json\/wp\/v2\/media\/1406"}],"wp:attachment":[{"href":"https:\/\/guitarraspacocastillo.com\/en\/wp-json\/wp\/v2\/media?parent=1643"}],"wp:term":[{"taxonomy":"product_cat","embeddable":true,"href":"https:\/\/guitarraspacocastillo.com\/en\/wp-json\/wp\/v2\/product_cat?post=1643"},{"taxonomy":"product_tag","embeddable":true,"href":"https:\/\/guitarraspacocastillo.com\/en\/wp-json\/wp\/v2\/product_tag?post=1643"}],"curies":[{"name":"wp","href":"https:\/\/api.w.org\/{rel}","templated":true}]}}